{"id":1064,"date":"2023-08-08T09:46:10","date_gmt":"2023-08-08T07:46:10","guid":{"rendered":"https:\/\/bhterra.com\/avis-juridique\/"},"modified":"2024-11-28T11:22:23","modified_gmt":"2024-11-28T10:22:23","slug":"avis-juridique","status":"publish","type":"page","link":"https:\/\/bhterra.com\/fr\/avis-juridique\/","title":{"rendered":"Avis juridique"},"content":{"rendered":"\n<p>Conform\u00e9ment \u00e0 l&rsquo;article 10 de la loi 34\/2002, du 11 juillet, sur les services de la soci\u00e9t\u00e9 de l&rsquo;information et le commerce \u00e9lectronique (LSSICE), les donn\u00e9es d&rsquo;identification de la soci\u00e9t\u00e9 sont indiqu\u00e9es ci-dessous.<\/p>\n\n<p><strong>Nom de l&rsquo;entreprise : BH TERRA SLU<\/strong><\/p>\n\n<p>NUM\u00c9RO DE TVA B73917189<\/p>\n\n<p>Si\u00e8ge social : P.I. FORTUNA &#8211; C\/ JOSEFA TENZA MART\u00cdNEZ, 10 &#8211; FORTUNA &#8211; MURCIA<\/p>\n\n<p>Courriel : info@bhterra.es<\/p>\n\n<p>T\u00e9l\u00e9phone : 868051169<\/p>\n\n<p>Registre du commerce : volume : 3164, livre : 0, folio : 146, section : 8, page : MU89102, entr\u00e9e, entr\u00e9e : 1<\/p>\n\n<p><strong>1.- Objet du site web<\/strong><\/p>\n\n<p>Les pr\u00e9sentes conditions g\u00e9n\u00e9rales d&rsquo;utilisation des services offerts \u00e0 l&rsquo;URL www.bhterra.es (ci-apr\u00e8s WEB), sont souscrites d&rsquo;une part par la Soci\u00e9t\u00e9 BH TERRA SLU (ci-apr\u00e8s SOCIETE), et d&rsquo;autre part, par l&rsquo;UTILISATEUR.<\/p>\n\n<p>La SOCI\u00c9T\u00c9 est une entit\u00e9 dont l&rsquo;activit\u00e9 principale consiste en PHYTOSANITAIRES.<\/p>\n\n<p>L&rsquo;ENTREPRISE permet aux UTILISATEURS d&rsquo;acc\u00e9der et d&rsquo;utiliser les diff\u00e9rents services et contenus, en mettant \u00e0 la disposition de l&rsquo;UTILISATEUR, par l&rsquo;interm\u00e9diaire de son site Internet, des informations (ci-apr\u00e8s d\u00e9nomm\u00e9es \u00ab\u00a0contenus\u00a0\u00bb) qui peuvent \u00eatre fournies \u00e0 la fois par l&rsquo;ENTREPRISE et par des tiers, personnes physiques et\/ou morales.<\/p>\n\n<p>L&rsquo;UTILISATEUR qui acc\u00e8de au site web de l&rsquo;ENTREPRISE est conscient et accepte les conditions g\u00e9n\u00e9rales contenues dans le pr\u00e9sent document, de chacune des versions du site web qui sont offertes, et des modifications qui peuvent y \u00eatre apport\u00e9es, et les utilisateurs doivent p\u00e9riodiquement acc\u00e9der \u00e0 ces derni\u00e8res pour en prendre connaissance.<\/p>\n\n<p><strong>2.- Acc\u00e8s au site web<\/strong><\/p>\n\n<p>L&rsquo;acc\u00e8s des UTILISATEURS au site web n&rsquo;implique aucune obligation ou garantie de la part de l&rsquo;ENTREPRISE.<\/p>\n\n<p>L&rsquo;ENTREPRISE se r\u00e9serve le droit de suspendre et d&rsquo;annuler l&rsquo;acc\u00e8s, et de modifier, limiter ou annuler tout ou partie des termes et conditions applicables au site web, en donnant un pr\u00e9avis au moyen de l&rsquo;introduction d&rsquo;une fen\u00eatre pop, qui s&rsquo;ouvrira automatiquement lors de l&rsquo;acc\u00e8s \u00e0 la page. La qualit\u00e9 et la vitesse d&rsquo;acc\u00e8s au site web ne rel\u00e8vent pas de la responsabilit\u00e9 de l&rsquo;ENTREPRISE, et l&rsquo;utilisateur ne peut pr\u00e9tendre \u00e0 aucun d\u00e9dommagement.<\/p>\n\n<p>Le service fourni par l&rsquo;ENTREPRISE par l&rsquo;interm\u00e9diaire de son site web l&rsquo;est pour une dur\u00e9e ind\u00e9termin\u00e9e, et elle peut \u00e0 tout moment cesser de fournir ce service sans motif ou raison justifi\u00e9e et sans pr\u00e9avis.<\/p>\n\n<p>L&rsquo;ENTREPRISE n&rsquo;est pas responsable des anomalies, dysfonctionnements, d\u00e9t\u00e9riorations, suppressions de donn\u00e9es ou de logiciels qui peuvent survenir dans l&rsquo;\u00e9quipement ou les syst\u00e8mes des utilisateurs en cons\u00e9quence directe ou indirecte de l&rsquo;acc\u00e8s ou de la tentative d&rsquo;acc\u00e8s \u00e0 son site web.<\/p>\n\n<p><strong>3.- Contenu du site web<\/strong><\/p>\n\n<p>La langue utilis\u00e9e par la COMPAGNIE sur le site web sera l&rsquo;espagnol, sans pr\u00e9judice de l&rsquo;utilisation d&rsquo;autres langues, tant nationales que r\u00e9gionales, librement et sans pr\u00e9avis. L&rsquo;ENTREPRISE n&rsquo;est pas responsable du fait que l&rsquo;utilisateur ne comprenne pas ou ne comprenne pas la langue du site Internet, ni des cons\u00e9quences qui en d\u00e9coulent.<\/p>\n\n<p>L&rsquo;ENTREPRISE peut modifier les contenus sans pr\u00e9avis, ainsi que les supprimer et les changer au sein du site web, et ne sera pas tenue responsable des cons\u00e9quences qui peuvent affecter les utilisateurs.<\/p>\n\n<p>Toute utilisation du site ou de son contenu doit \u00eatre de nature exclusivement priv\u00e9e. Toute autre utilisation qui implique la copie, la reproduction, la distribution, la transformation, la communication publique ou toute autre action similaire, de tout ou partie du contenu de la page web, ainsi que de la page web elle-m\u00eame, est r\u00e9serv\u00e9e exclusivement \u00e0 L&rsquo;ENTREPRISE, et par cons\u00e9quent aucun utilisateur ne peut effectuer ces actions sans l&rsquo;autorisation \u00e9crite pr\u00e9alable de L&rsquo;ENTREPRISE.<\/p>\n\n<p>Il est interdit d&rsquo;utiliser, en partie ou en totalit\u00e9, les contenus pour promouvoir, vendre, contracter ou diffuser de la publicit\u00e9 ou des informations propres ou de tiers sans l&rsquo;autorisation de la SOCI\u00c9T\u00c9, ou d&rsquo;envoyer de la publicit\u00e9 ou des informations en utilisant les services ou les informations mis \u00e0 la disposition des utilisateurs, que l&rsquo;utilisation de ces derniers soit gratuite ou non.<\/p>\n\n<p>Les marques et noms commerciaux, ainsi que tout autre signe d&rsquo;identification faisant l&rsquo;objet de droits de propri\u00e9t\u00e9 intellectuelle ou industrielle, ne peuvent \u00eatre utilis\u00e9s sans l&rsquo;autorisation pr\u00e9alable, expresse et \u00e9crite de leur propri\u00e9taire.<\/p>\n\n<p>Les liens ou hyperliens qui incorporent des adresses \u00e0 ce site web ne peuvent pas directement ou indirectement donner des indications fausses, inexactes ou d\u00e9routantes, et ne feront qu&rsquo;acc\u00e9der aux pages et ne peuvent pas copier ou reproduire tout ou partie de celles-ci, ni engager des actions d\u00e9loyales ou ill\u00e9gales \u00e0 l&rsquo;encontre de la SOCIETE.<\/p>\n\n<p>L&rsquo;ENTREPRISE n&rsquo;est pas responsable de la fiabilit\u00e9 et de la rapidit\u00e9 des hyperliens incorpor\u00e9s dans son site web vers d&rsquo;autres sites web. Elle ne garantit pas l&rsquo;utilit\u00e9 du site web en ce qui concerne ses liens vers d&rsquo;autres sites web, ni n&rsquo;est responsable des contenus ou services auxquels l&rsquo;utilisateur peut avoir acc\u00e8s par le biais de ces liens, ni du bon fonctionnement de ces derniers.<\/p>\n\n<p>L&rsquo;ENTREPRISE ne sera pas responsable des virus ou autres programmes informatiques qui d\u00e9t\u00e9riorent ou peuvent d\u00e9t\u00e9riorer les syst\u00e8mes informatiques ou l&rsquo;\u00e9quipement des utilisateurs lorsqu&rsquo;ils acc\u00e8dent \u00e0 son site web ou \u00e0 d&rsquo;autres sites web auxquels on a acc\u00e9d\u00e9 par des liens \u00e0 partir du site web de l&rsquo;ENTREPRISE.<\/p>\n\n<p>Les informations figurant sur le site web ou dans la bo\u00eete aux lettres \u00e9lectronique sont fournies \u00e0 titre d&rsquo;information uniquement et ne peuvent en aucun cas donner lieu \u00e0 des effets juridiques contraignants.<\/p>\n\n<p><strong>4.- Utilisateurs du site web<\/strong><\/p>\n\n<p>Les utilisateurs qui acc\u00e8dent au site web de L&rsquo;ENTREPRISE le feront conform\u00e9ment \u00e0 la Loi, \u00e0 la morale, aux bonnes coutumes et \u00e0 l&rsquo;ordre public, et sont tenus \u00e0 tout moment de ne pas acc\u00e9der au site web et \u00e0 son contenu d&rsquo;une mani\u00e8re contraire \u00e0 celle \u00e9tablie et\/ou \u00e0 des fins illicites, pr\u00e9judiciables aux droits et libert\u00e9s de tiers, ou susceptibles d&rsquo;endommager, de d\u00e9t\u00e9riorer, de saturer ou de ralentir le site web, au d\u00e9triment de L&rsquo;ENTREPRISE ou d&rsquo;utilisateurs tiers. Les utilisateurs ne doivent pas copier, distribuer, diffuser, transformer, modifier ou manipuler le contenu.<\/p>\n\n<p>Les utilisateurs s&rsquo;engagent \u00e0 utiliser ces services conform\u00e9ment \u00e0 la loi, aux usages et coutumes et \u00e0 l&rsquo;ordre public. Les utilisateurs, dans le cadre de l&rsquo;utilisation des produits et services pour lesquels ils fournissent des informations ou des contenus, ne doivent pas porter atteinte aux droits fondamentaux et aux libert\u00e9s publiques, ni inciter ou promouvoir des manifestations ou des actes criminels, x\u00e9nophobes, terroristes ou d\u00e9gradants en raison du sexe, de la race, de la religion ou des convictions, ni diffuser des contenus ou des services pornographiques, ni faire l&rsquo;apologie de la violence.<\/p>\n\n<p>L&rsquo;acc\u00e8s au contenu du site web par l&rsquo;utilisateur se fait aux risques et p\u00e9rils de ce dernier et l&rsquo;ENTREPRISE ne peut \u00eatre tenue responsable de toute cons\u00e9quence d\u00e9coulant directement ou indirectement de l&rsquo;acc\u00e8s au site web, qu&rsquo;elle soit physique, logique, morale ou personnelle. L&rsquo;ENTREPRISE peut tenir les utilisateurs pour responsables s&rsquo;ils utilisent le site web de mani\u00e8re abusive et causent des dommages ou des pr\u00e9judices \u00e0 des tiers.<\/p>\n\n<p>La SOCI\u00c9T\u00c9 peut intenter une action en justice contre les utilisateurs pour toutes les r\u00e9clamations, compensations, amendes ou sanctions administratives qui incombent \u00e0 la SOCI\u00c9T\u00c9 et qui sont la responsabilit\u00e9 directe ou indirecte de l?utilisateur ou de l?utilisation de tout service du site web sans la diligence requise.<\/p>\n\n<p>Tous les utilisateurs qui ont connaissance d?une action qui d\u00e9t\u00e9riore ou peut d\u00e9t\u00e9riorer le bon fonctionnement du site web, modifier ou alt\u00e9rer son contenu, doivent communiquer cette situation \u00e0 la SOCI\u00c9T\u00c9.<\/p>\n\n<p>Dans le cas de la publicit\u00e9 envoy\u00e9e par l&rsquo;ENTREPRISE aux UTILISATEURS, elle sera envoy\u00e9e avec le mot \u00ab\u00a0publicit\u00e9\u00a0\u00bb afin de ne pas induire en erreur.<\/p>\n\n<p><strong>5.- Mineurs<\/strong><\/p>\n\n<p>Les mineurs doivent demander et obtenir l&rsquo;autorisation de leurs parents, tuteurs ou repr\u00e9sentants l\u00e9gaux avant de pouvoir acc\u00e9der aux services et\/ou aux contenus incorpor\u00e9s dans le site web. L&rsquo;acc\u00e8s et l&rsquo;utilisation du portail par des mineurs non autoris\u00e9s sont interdits.<\/p>\n\n<p><strong>6.- Comp\u00e9tence<\/strong><\/p>\n\n<p>Ces conditions sont soumises \u00e0 la l\u00e9gislation espagnole en vigueur. Pour tout type de controverse d\u00e9coulant de l&rsquo;utilisation des services offerts ou des contenus du site web, les parties, avec l&rsquo;acceptation de ces conditions, se soumettront aux Cours et Tribunaux de l&rsquo;utilisateur.<\/p>\n\n<p>L&rsquo;utilisateur est inform\u00e9 de la r\u00e9solution extrajudiciaire des litiges conform\u00e9ment \u00e0 l&rsquo;article 14 du r\u00e8glement (UE) n\u00b0 524\/2013 sur le lien suivant https:\/\/ec.europa.eu\/consumers\/odr\/main\/index.cfm?event=main.home2.show&amp;lng=ES \u00ab\u00a0<\/p>\n","protected":false},"excerpt":{"rendered":"<p>Conform\u00e9ment \u00e0 l&rsquo;article 10 de la loi 34\/2002, du 11 juillet, sur [&hellip;]<\/p>\n","protected":false},"author":1,"featured_media":558,"parent":0,"menu_order":0,"comment_status":"closed","ping_status":"closed","template":"","meta":{"_acf_changed":false,"footnotes":""},"class_list":["post-1064","page","type-page","status-publish","has-post-thumbnail","hentry"],"acf":[],"_links":{"self":[{"href":"https:\/\/bhterra.com\/fr\/wp-json\/wp\/v2\/pages\/1064","targetHints":{"allow":["GET"]}}],"collection":[{"href":"https:\/\/bhterra.com\/fr\/wp-json\/wp\/v2\/pages"}],"about":[{"href":"https:\/\/bhterra.com\/fr\/wp-json\/wp\/v2\/types\/page"}],"author":[{"embeddable":true,"href":"https:\/\/bhterra.com\/fr\/wp-json\/wp\/v2\/users\/1"}],"replies":[{"embeddable":true,"href":"https:\/\/bhterra.com\/fr\/wp-json\/wp\/v2\/comments?post=1064"}],"version-history":[{"count":2,"href":"https:\/\/bhterra.com\/fr\/wp-json\/wp\/v2\/pages\/1064\/revisions"}],"predecessor-version":[{"id":1066,"href":"https:\/\/bhterra.com\/fr\/wp-json\/wp\/v2\/pages\/1064\/revisions\/1066"}],"wp:featuredmedia":[{"embeddable":true,"href":"https:\/\/bhterra.com\/fr\/wp-json\/wp\/v2\/media\/558"}],"wp:attachment":[{"href":"https:\/\/bhterra.com\/fr\/wp-json\/wp\/v2\/media?parent=1064"}],"curies":[{"name":"wp","href":"https:\/\/api.w.org\/{rel}","templated":true}]}}