{"id":1052,"date":"2023-08-08T09:46:27","date_gmt":"2023-08-08T07:46:27","guid":{"rendered":"https:\/\/bhterra.com\/cookies\/"},"modified":"2024-11-28T11:18:28","modified_gmt":"2024-11-28T10:18:28","slug":"cookies","status":"publish","type":"page","link":"https:\/\/bhterra.com\/fr\/cookies\/","title":{"rendered":"Cookies"},"content":{"rendered":"\n<p><strong>Qu&rsquo;est-ce qu&rsquo;un biscuit ?<\/strong><\/p>\n\n<p>Un cookie est un fichier qui est t\u00e9l\u00e9charg\u00e9 sur votre ordinateur lorsque vous acc\u00e9dez \u00e0 certaines pages web. Les cookies permettent \u00e0 un site web, entre autres, de stocker et de r\u00e9cup\u00e9rer des informations sur les habitudes de navigation d&rsquo;un utilisateur ou sur son \u00e9quipement et, en fonction des informations qu&rsquo;ils contiennent et de la mani\u00e8re dont il utilise son \u00e9quipement, ils peuvent \u00eatre utilis\u00e9s pour reconna\u00eetre l&rsquo;utilisateur.<\/p>\n\n<p><strong>Type de cookies utilis\u00e9s par le site web et leur finalit\u00e9<\/strong><\/p>\n\n<ul class=\"wp-block-list\">\n<li>Cookies techniques : Ce sont ceux qui permettent \u00e0 l&rsquo;utilisateur de naviguer sur un site web, une plateforme ou une application et d&rsquo;utiliser les diff\u00e9rentes options de service qui y existent, comme, par exemple, le contr\u00f4le du trafic et de la communication des donn\u00e9es, l&rsquo;identification de la session, l&rsquo;acc\u00e8s aux parties \u00e0 acc\u00e8s restreint, la m\u00e9morisation des \u00e9l\u00e9ments qui composent une commande, la r\u00e9alisation du processus d&rsquo;achat d&rsquo;une commande, la r\u00e9alisation de la demande d&rsquo;inscription ou de participation \u00e0 un \u00e9v\u00e9nement, l&rsquo;utilisation d&rsquo;\u00e9l\u00e9ments de s\u00e9curit\u00e9 pendant la navigation, le stockage de contenus pour la diffusion de vid\u00e9os ou de sons ou le partage de contenus \u00e0 travers les r\u00e9seaux sociaux.<\/li>\n\n\n\n<li>Autres cookies de tiers : des cookies de tiers peuvent \u00eatre install\u00e9s sur certaines de nos pages pour g\u00e9rer et am\u00e9liorer les services qu&rsquo;ils proposent.<\/li>\n<\/ul>\n\n<p>COOKIES .google.com<\/p>\n\n<figure class=\"wp-block-table\"><table><tbody><tr><td><strong>1P_JAR<\/strong><\/td><td>Expiration 1 mois.<\/td><\/tr><tr><td><strong>CONSENTEMENT<\/strong><\/td><td>Expiration 20 ans.<\/td><\/tr><tr><td><strong>NID<\/strong><\/td><td>Expiration 6 mois.<\/td><\/tr><\/tbody><\/table><\/figure>\n\n<p>COOKIES www.google.com<\/p>\n\n<figure class=\"wp-block-table\"><table><tbody><tr><td><strong>DV<\/strong><\/td><td>Expiration dans 10 minutes.<\/td><\/tr><\/tbody><\/table><\/figure>\n\n<p><strong>Comment d\u00e9sactiver ou supprimer les cookies<\/strong><\/p>\n\n<p>Vous pouvez autoriser, bloquer ou supprimer les cookies install\u00e9s sur votre ordinateur en configurant les options du navigateur install\u00e9 sur votre ordinateur.<\/p>\n\n<p>Voir les liens suivants :<\/p>\n\n<ul class=\"wp-block-list\">\n<li>Internet Explorer <a href=\"https:\/\/windows.microsoft.com\/es-xl\/internet-explorer\/delete-manage-cookies#ie=ie-9\" target=\"_blank\" rel=\"noopener\">: https:\/\/windows.microsoft.com\/es-xl\/internet-explorer\/delete-manage-cookies#ie=ie-9<\/a><\/li>\n\n\n\n<li>FireFox <a href=\"https:\/\/support.mozilla.org\/es\/kb\/Borrar%20cookies\" target=\"_blank\" rel=\"noopener\">: https:\/\/support.mozilla.org\/es\/kb\/Borrar%20cookies<\/a><\/li>\n\n\n\n<li>Chrome <a href=\"https:\/\/support.google.com\/chrome\/answer\/95647\" target=\"_blank\" rel=\"noopener\">: https:\/\/support.google.com\/chrome\/answer\/95647<\/a><\/li>\n\n\n\n<li>Safari <a href=\"https:\/\/www.apple.com\/es\/privacy\/use-of-cookies\/\" target=\"_blank\" rel=\"noopener\">: https:\/\/www.apple.com\/es\/privacy\/use-of-cookies\/<\/a><\/li>\n<\/ul>\n\n<p>Pour supprimer les cookies flash, cliquez ici <a href=\"https:\/\/www.adobe.com\/privacy\/opt-out.html\" target=\"_blank\" rel=\"noopener\">: https:\/\/www.adobe.com\/privacy\/opt-out.html<\/a><\/p>\n\n<p>Politique en mati\u00e8re de cookies r\u00e9vis\u00e9e le 01 \/ JUILLET \/ 2019.<\/p>\n","protected":false},"excerpt":{"rendered":"<p>Qu&rsquo;est-ce qu&rsquo;un biscuit ? Un cookie est un fichier qui est t\u00e9l\u00e9charg\u00e9 [&hellip;]<\/p>\n","protected":false},"author":1,"featured_media":447,"parent":0,"menu_order":0,"comment_status":"closed","ping_status":"closed","template":"","meta":{"_acf_changed":false,"footnotes":""},"class_list":["post-1052","page","type-page","status-publish","has-post-thumbnail","hentry"],"acf":[],"_links":{"self":[{"href":"https:\/\/bhterra.com\/fr\/wp-json\/wp\/v2\/pages\/1052","targetHints":{"allow":["GET"]}}],"collection":[{"href":"https:\/\/bhterra.com\/fr\/wp-json\/wp\/v2\/pages"}],"about":[{"href":"https:\/\/bhterra.com\/fr\/wp-json\/wp\/v2\/types\/page"}],"author":[{"embeddable":true,"href":"https:\/\/bhterra.com\/fr\/wp-json\/wp\/v2\/users\/1"}],"replies":[{"embeddable":true,"href":"https:\/\/bhterra.com\/fr\/wp-json\/wp\/v2\/comments?post=1052"}],"version-history":[{"count":2,"href":"https:\/\/bhterra.com\/fr\/wp-json\/wp\/v2\/pages\/1052\/revisions"}],"predecessor-version":[{"id":1054,"href":"https:\/\/bhterra.com\/fr\/wp-json\/wp\/v2\/pages\/1052\/revisions\/1054"}],"wp:featuredmedia":[{"embeddable":true,"href":"https:\/\/bhterra.com\/fr\/wp-json\/wp\/v2\/media\/447"}],"wp:attachment":[{"href":"https:\/\/bhterra.com\/fr\/wp-json\/wp\/v2\/media?parent=1052"}],"curies":[{"name":"wp","href":"https:\/\/api.w.org\/{rel}","templated":true}]}}