{"id":1043,"date":"2023-08-08T09:46:19","date_gmt":"2023-08-08T07:46:19","guid":{"rendered":"https:\/\/bhterra.com\/politique-de-confidentialite\/"},"modified":"2024-11-28T11:16:02","modified_gmt":"2024-11-28T10:16:02","slug":"politique-de-confidentialite","status":"publish","type":"page","link":"https:\/\/bhterra.com\/fr\/politique-de-confidentialite\/","title":{"rendered":"Politique de confidentialit\u00e9"},"content":{"rendered":"\n<h2 class=\"wp-block-heading\">POLITIQUE DE CONFIDENTIALIT\u00c9 DES DONN\u00c9ES<\/h2>\n\n<p>Nom de l&rsquo;entreprise : BH TERRA SLU<\/p>\n\n<p>NUM\u00c9RO DE TVA B73917189<\/p>\n\n<p>Si\u00e8ge social : P.I. FORTUNA &#8211; C\/ JOSEFA TENZA MART\u00cdNEZ, 10 &#8211; FORTUNA &#8211; MURCIA<\/p>\n\n<p>Courriel : info@bhterra.es<\/p>\n\n<p>T\u00e9l\u00e9phone : 868051169<\/p>\n\n<p>Conform\u00e9ment aux dispositions de la loi organique relative \u00e0 la protection des donn\u00e9es \u00e0 caract\u00e8re personnel et \u00e0 la garantie des droits num\u00e9riques (LOPDGDD) et du r\u00e8glement (UE) 2016\/679, le responsable du site web informe tous les utilisateurs :<br\/>Les utilisateurs acceptent librement et sans \u00e9quivoque que leurs donn\u00e9es personnelles soient trait\u00e9es par le fournisseur aux fins suivantes :<br\/>1. traiter les commandes, les demandes ou tout autre type de demande formul\u00e9e par l&rsquo;utilisateur par le biais de l&rsquo;un des formulaires de contact mis \u00e0 la disposition de l&rsquo;utilisateur sur le site web.<br\/>Vos donn\u00e9es peuvent \u00eatre transf\u00e9r\u00e9es \u00e0 d&rsquo;autres entit\u00e9s n\u00e9cessaires au d\u00e9veloppement du service offert par BH TERRA SLU.<br\/>En utilisant notre email ou notre formulaire de contact, vous consentez express\u00e9ment et sans \u00e9quivoque au transfert de vos donn\u00e9es vers des pays tiers par l&rsquo;h\u00e9bergement des emails Gmail sur Google. Google fournit un service de stockage en nuage et dispose de plusieurs outils pour la gestion du courrier \u00e9lectronique, la bureautique ou la gestion de l&rsquo;agenda. Il respecte le cadre du bouclier de protection de la vie priv\u00e9e (Privacy Shield) entre les \u00c9tats-Unis et l&rsquo;Union europ\u00e9enne.<br\/>Toutes les donn\u00e9es demand\u00e9es par l&rsquo;interm\u00e9diaire du site web sont obligatoires, car elles sont n\u00e9cessaires \u00e0 la fourniture d&rsquo;un service optimal \u00e0 l&rsquo;utilisateur. Dans le cas o\u00f9 toutes les donn\u00e9es ne sont pas fournies, le fournisseur ne garantit pas que les informations et les services fournis seront enti\u00e8rement adapt\u00e9s \u00e0 vos besoins.<br\/>De m\u00eame, le fournisseur a adopt\u00e9 toutes les mesures techniques et organisationnelles n\u00e9cessaires pour garantir la s\u00e9curit\u00e9 et l&rsquo;int\u00e9grit\u00e9 des donn\u00e9es \u00e0 caract\u00e8re personnel qu&rsquo;il traite, ainsi que pour \u00e9viter leur perte, leur alt\u00e9ration et\/ou leur acc\u00e8s par des tiers non autoris\u00e9s.<br\/>Nous vous informons que vous pouvez r\u00e9voquer votre consentement au traitement de vos donn\u00e9es \u00e0 tout moment en envoyant un courrier \u00e9lectronique \u00e0 l&rsquo;adresse suivante : info@bhterra.es.<br\/>Nom et pr\u00e9nom ou nom de l&rsquo;entreprise :<br\/>DNI \/ CIF :<br\/>Signature :<\/p>\n\n<h2 class=\"wp-block-heading\">S\u00c9CURIT\u00c9<\/h2>\n\n<p>Tout processus impliquant l&rsquo;introduction de donn\u00e9es \u00e0 caract\u00e8re personnel sera toujours transmis au moyen d&rsquo;un protocole de communication s\u00e9curis\u00e9 (Https:\/\/,&#8230;), de sorte qu&rsquo;aucun tiers n&rsquo;ait acc\u00e8s aux informations transmises par voie \u00e9lectronique.<\/p>\n\n<p><strong>INFORMATION SUR LA PROTECTION DES DONN\u00c9ES GDRPDP<\/strong><\/p>\n\n<figure class=\"wp-block-table\"><table><tbody><tr><td><strong>\n  <em>\u00ab\u00a0Contr\u00f4leur\u00a0\u00bb (du traitement)<\/em>\n<\/strong>(du traitement)<\/td><td>BH TERRA SLUCIF B73917189P.I. FORTUNA &#8211; C\/ JOSEFA TENZA MART\u00cdNEZ, 10 &#8211; FORTUNA &#8211; MURCIATEL : 868051169E-mail : <strong>info@bhterra.es<\/strong><\/td><\/tr><tr><td><strong>\n  <em>\u00ab\u00a0Finalit\u00e9\u00a0\u00bb (du traitement)<\/em>\n<\/strong>(du traitement)<\/td><td>&#8211; Les donn\u00e9es personnelles fournies seront conserv\u00e9es aussi longtemps que la personne concern\u00e9e n&rsquo;en demandera pas la suppression, et aucune d\u00e9cision automatis\u00e9e ne sera prise sur la base des profils.<\/td><\/tr><tr><td><strong>\n  <em>\u00ab\u00a0L\u00e9gitimation<\/em>\n<\/strong>(du traitement)<\/td><td>Int\u00e9r\u00eat l\u00e9gitime du responsable du traitement : ex\u00e9cution du service demand\u00e9.Consentement de la personne concern\u00e9eLes donn\u00e9es demand\u00e9es sont n\u00e9cessaires \u00e0 l&rsquo;ex\u00e9cution de l&rsquo;action demand\u00e9e, de sorte que si vous ne les fournissez pas, il ne sera pas possible de fournir le service ou la demande, en ce sens, vous consentez express\u00e9ment \u00e0 la collecte et au traitement de ces donn\u00e9es aux fins susmentionn\u00e9es.<\/td><\/tr><tr><td><strong>\n  <em>\u00ab\u00a0Les destinataires<\/em>\n<\/strong>(de cessions ou de transferts)<\/td><td>Les donn\u00e9es ne seront pas divulgu\u00e9es \u00e0 des tiers, sauf si la loi l&rsquo;exige ou avec l&rsquo;autorisation expresse de la personne concern\u00e9e.Les donn\u00e9es peuvent \u00eatre transf\u00e9r\u00e9es vers des pays tiers en h\u00e9bergeant les courriels Gmail sur Google. Google fournit un service de stockage dans le nuage et dispose de plusieurs outils pour la gestion des emails, la bureautique ou la gestion de l&rsquo;agenda, respecte le cadre du Privacy Shield entre les \u00c9tats-Unis et l&rsquo;Union europ\u00e9enne.Vos donn\u00e9es peuvent \u00eatre transf\u00e9r\u00e9es \u00e0 des responsables de traitement.Responsables de traitement:RAIOLA NETWORKS, pour l&rsquo;h\u00e9bergement de sites web.GOOGLE, pour l&rsquo;h\u00e9bergement d&#8217;emails.<\/td><\/tr><tr><td><strong>\n  <em>\u00ab\u00a0Les droits<\/em>\n<\/strong>(des parties prenantes)<\/td><td>Droit de demander l&rsquo;acc\u00e8s aux donn\u00e9es personnelles relatives \u00e0 la personne concern\u00e9e.Droit de demander leur rectification ou leur effacement.Droit de demander la limitation ou l&rsquo;opposition \u00e0 leur traitement.Droit de retirer le consentement donn\u00e9.Droit \u00e0 la portabilit\u00e9 des donn\u00e9es.Droit de r\u00e9clamation aupr\u00e8s de l&rsquo;Autorit\u00e9 de contr\u00f4leIl existe un syst\u00e8me de r\u00e9clamation interne concernant les actes ou les comportements qui peuvent \u00eatre contraires \u00e0 la r\u00e9glementation afin de les corriger.Vous pouvez exercer vos droits \u00e0 l&rsquo;adresse \u00e9lectronique suivante :  <strong>info@bhterra.es<\/strong><\/td><\/tr><tr><td><strong>\n  <em>\u00ab\u00a0Origine\u00a0\u00bb (des donn\u00e9es)<\/em>\n<\/strong>(des donn\u00e9es)<\/td><td>Les donn\u00e9es proviennent de la personne concern\u00e9e : Clients ; Utilisateurs ; Personnes de contact  <\/td><\/tr><\/tbody><\/table><\/figure>\n","protected":false},"excerpt":{"rendered":"<p>POLITIQUE DE CONFIDENTIALIT\u00c9 DES DONN\u00c9ES Nom de l&rsquo;entreprise : BH TERRA SLU [&hellip;]<\/p>\n","protected":false},"author":1,"featured_media":468,"parent":0,"menu_order":0,"comment_status":"closed","ping_status":"closed","template":"","meta":{"_acf_changed":false,"footnotes":""},"class_list":["post-1043","page","type-page","status-publish","has-post-thumbnail","hentry"],"acf":[],"_links":{"self":[{"href":"https:\/\/bhterra.com\/fr\/wp-json\/wp\/v2\/pages\/1043","targetHints":{"allow":["GET"]}}],"collection":[{"href":"https:\/\/bhterra.com\/fr\/wp-json\/wp\/v2\/pages"}],"about":[{"href":"https:\/\/bhterra.com\/fr\/wp-json\/wp\/v2\/types\/page"}],"author":[{"embeddable":true,"href":"https:\/\/bhterra.com\/fr\/wp-json\/wp\/v2\/users\/1"}],"replies":[{"embeddable":true,"href":"https:\/\/bhterra.com\/fr\/wp-json\/wp\/v2\/comments?post=1043"}],"version-history":[{"count":2,"href":"https:\/\/bhterra.com\/fr\/wp-json\/wp\/v2\/pages\/1043\/revisions"}],"predecessor-version":[{"id":1046,"href":"https:\/\/bhterra.com\/fr\/wp-json\/wp\/v2\/pages\/1043\/revisions\/1046"}],"wp:featuredmedia":[{"embeddable":true,"href":"https:\/\/bhterra.com\/fr\/wp-json\/wp\/v2\/media\/468"}],"wp:attachment":[{"href":"https:\/\/bhterra.com\/fr\/wp-json\/wp\/v2\/media?parent=1043"}],"curies":[{"name":"wp","href":"https:\/\/api.w.org\/{rel}","templated":true}]}}